{"id":302,"date":"2014-02-03T14:27:56","date_gmt":"2014-02-03T14:27:56","guid":{"rendered":"http:\/\/97irratia.info\/?page_id=302"},"modified":"2019-11-09T01:25:50","modified_gmt":"2019-11-09T00:25:50","slug":"irratsaio-berria","status":"publish","type":"page","link":"https:\/\/97irratia.info\/es\/irratsaio-berria\/","title":{"rendered":"\u00bfTienes algo que contar al mundo?"},"content":{"rendered":"<p>\u00a1Buscamos personas y asociaciones que deseen asomarse a nuestras ondas libres a trav\u00e9s de su propio programa de radio!<\/p>\n<p>\n<div class=\"wpcf7 no-js\" id=\"wpcf7-f351-o2\" lang=\"es-ES\" dir=\"ltr\" data-wpcf7-id=\"351\">\n<div class=\"screen-reader-response\"><p role=\"status\" aria-live=\"polite\" aria-atomic=\"true\"><\/p> <ul><\/ul><\/div>\n<form action=\"\/es\/wp-json\/wp\/v2\/pages\/302#wpcf7-f351-o2\" method=\"post\" class=\"wpcf7-form init wpcf7-acceptance-as-validation\" aria-label=\"Formulario de contacto\" novalidate=\"novalidate\" data-status=\"init\">\n<fieldset class=\"hidden-fields-container\"><input type=\"hidden\" name=\"_wpcf7\" value=\"351\" \/><input type=\"hidden\" name=\"_wpcf7_version\" value=\"6.1.5\" \/><input type=\"hidden\" name=\"_wpcf7_locale\" value=\"es_ES\" \/><input type=\"hidden\" name=\"_wpcf7_unit_tag\" value=\"wpcf7-f351-o2\" \/><input type=\"hidden\" name=\"_wpcf7_container_post\" value=\"0\" \/><input type=\"hidden\" name=\"_wpcf7_posted_data_hash\" value=\"\" \/>\n<\/fieldset>\n<fieldset>\n\t<legend>Para presentar la propuesta de programa ser\u00e1 necesario presentar por escrito:\n\t<\/legend>\n\t<p><b> Nombre del programa (requerido)<\/b>\n\t<\/p>\n\t<p><span class=\"wpcf7-form-control-wrap\" data-name=\"program-name\"><input size=\"40\" maxlength=\"400\" class=\"wpcf7-form-control wpcf7-text wpcf7-validates-as-required\" aria-required=\"true\" aria-invalid=\"false\" value=\"\" type=\"text\" name=\"program-name\" \/><\/span>\n\t<\/p>\n\t<p><b>Duraci\u00f3n y periodicidad del programa (requerido)<\/b>\n\t<\/p>\n\t<p><span class=\"wpcf7-form-control-wrap\" data-name=\"duration\"><input class=\"wpcf7-form-control wpcf7-number wpcf7-validates-as-number\" min=\"30\" max=\"180\" step=\"10\" aria-invalid=\"false\" value=\"60\" type=\"number\" name=\"duration\" \/><\/span> (minutos) <span class=\"wpcf7-form-control-wrap\" data-name=\"periodicity\"><select class=\"wpcf7-form-control wpcf7-select\" aria-invalid=\"false\" name=\"periodicity\"><option value=\"diario\">diario<\/option><option value=\"semanal\">semanal<\/option><option value=\"quincenal\">quincenal<\/option><option value=\"mensual\">mensual<\/option><\/select><\/span>\n\t<\/p>\n\t<p><b>Nombre del contacto (requerido) <\/b>\n\t<\/p>\n\t<p><span class=\"wpcf7-form-control-wrap\" data-name=\"contact-name\"><input size=\"40\" maxlength=\"400\" class=\"wpcf7-form-control wpcf7-text wpcf7-validates-as-required\" aria-required=\"true\" aria-invalid=\"false\" value=\"\" type=\"text\" name=\"contact-name\" \/><\/span>\n\t<\/p>\n\t<p><b>Telefono de contacto<\/b>\n\t<\/p>\n\t<p><span class=\"wpcf7-form-control-wrap\" data-name=\"phone\"><input size=\"40\" maxlength=\"400\" class=\"wpcf7-form-control wpcf7-text\" aria-invalid=\"false\" value=\"\" type=\"text\" name=\"phone\" \/><\/span>\n\t<\/p>\n\t<p><b>E-mail de contacto (requerido)<\/b>\n\t<\/p>\n\t<p><span class=\"wpcf7-form-control-wrap\" data-name=\"email\"><input size=\"40\" maxlength=\"400\" class=\"wpcf7-form-control wpcf7-email wpcf7-validates-as-required wpcf7-text wpcf7-validates-as-email\" aria-required=\"true\" aria-invalid=\"false\" value=\"\" type=\"email\" name=\"email\" \/><\/span>\n\t<\/p>\n\t<p><b>Conductores y\/o colaboradores previstos (si est\u00e1n definidos)<\/b>\n\t<\/p>\n\t<p><span class=\"wpcf7-form-control-wrap\" data-name=\"colaborators\"><textarea cols=\"40\" rows=\"10\" maxlength=\"2000\" class=\"wpcf7-form-control wpcf7-textarea\" aria-invalid=\"false\" name=\"colaborators\"><\/textarea><\/span>\n\t<\/p>\n\t<p><b>Caracter\u00edsticas del programa y a qui\u00e9n est\u00e1 dirigido.<\/b><br \/>\n<small>(alguna franja de edad determinada, p\u00fablico al que se pretende llegar, etc), adem\u00e1s de especificar qu\u00e9 tipo de programa (una decripci\u00f3n lo m\u00e1s detalada posible) <\/small>\n\t<\/p>\n\t<p><span class=\"wpcf7-form-control-wrap\" data-name=\"program-features\"><textarea cols=\"40\" rows=\"10\" maxlength=\"2000\" class=\"wpcf7-form-control wpcf7-textarea\" aria-invalid=\"false\" name=\"program-features\"><\/textarea><\/span>\n\t<\/p>\n\t<p><b>Motivaciones y\/o inquietudes que os llevan a presentar el programa.<\/b>\n\t<\/p>\n\t<p><span class=\"wpcf7-form-control-wrap\" data-name=\"motivations\"><textarea cols=\"40\" rows=\"10\" maxlength=\"2000\" class=\"wpcf7-form-control wpcf7-textarea\" aria-invalid=\"false\" name=\"motivations\"><\/textarea><\/span>\n\t<\/p>\n\t<p><b>\u00bfEs necesario emitir en directo por alg\u00fan motivo de la inmediatez, informaci\u00f3n de \u00faltima hora, etc? \u00bfO es posible grabarlo en \"falso directo\"?. <\/b><br \/>\n<small>Falso directo significa grabarlo como si fuera en directo sin dar especificaciones temporales (sin decir durante el programa qu\u00e9 hora es, qu\u00e9 d\u00eda es, etc), pudiendo emitir durante el mismo dia unas horas m\u00e1s tarde, como as\u00ed tambi\u00e9n repetirlo al d\u00eda siguiente.<\/small>\n\t<\/p>\n\t<p><span class=\"wpcf7-form-control-wrap\" data-name=\"broadcast-mode\"><span class=\"wpcf7-form-control wpcf7-radio\"><span class=\"wpcf7-list-item first\"><input type=\"radio\" name=\"broadcast-mode\" value=\"Emitir en directo\" \/><span class=\"wpcf7-list-item-label\">Emitir en directo<\/span><\/span><span class=\"wpcf7-list-item last\"><input type=\"radio\" name=\"broadcast-mode\" value=\"Falso directo\" \/><span class=\"wpcf7-list-item-label\">Falso directo<\/span><\/span><\/span><\/span>\n\t<\/p>\n\t<p><b>Especificar si el programa.. <\/b>\n\t<\/p>\n\t<p><span class=\"wpcf7-form-control-wrap\" data-name=\"record-mode\"><span class=\"wpcf7-form-control wpcf7-radio\"><span class=\"wpcf7-list-item first\"><input type=\"radio\" name=\"record-mode\" value=\"Se grabar\u00e1 en el estudio\" \/><span class=\"wpcf7-list-item-label\">Se grabar\u00e1 en el estudio<\/span><\/span><span class=\"wpcf7-list-item last\"><input type=\"radio\" name=\"record-mode\" value=\"Se entregar\u00e1 grabado previamente\" \/><span class=\"wpcf7-list-item-label\">Se entregar\u00e1 grabado previamente<\/span><\/span><\/span><\/span>\n\t<\/p>\n\t<p><input type=\"hidden\" name=\"_wpcf7_captcha_challenge_captcha-672\" value=\"923723792\" \/><img loading=\"lazy\" decoding=\"async\" class=\"wpcf7-form-control wpcf7-captchac wpcf7-captcha-captcha-672\" width=\"72\" height=\"24\" alt=\"captcha\" src=\"https:\/\/97irratia.info\/wp-content\/uploads\/wpcf7_captcha\/923723792.png\" \/>\n\t<\/p>\n\t<p><span class=\"wpcf7-form-control-wrap\" data-name=\"captcha-672\"><input size=\"40\" class=\"wpcf7-form-control wpcf7-captchar\" autocomplete=\"off\" aria-invalid=\"false\" value=\"\" type=\"text\" name=\"captcha-672\" \/><\/span>\n\t<\/p>\n\t<p><span class=\"wpcf7-form-control-wrap\" data-name=\"acceptance-163\"><span class=\"wpcf7-form-control wpcf7-acceptance\"><span class=\"wpcf7-list-item\"><input type=\"checkbox\" name=\"acceptance-163\" value=\"1\" aria-invalid=\"false\" \/><\/span><\/span><\/span> He le\u00eddo y acepto el <a title=\"Protocolo de admisi\u00f3n de programas en la 97 Irratia\" href=\"http:\/\/97irratia.info\/97-irratiko-irratsaioen-onarpen-protokoloa\/?lang=es\">Protocolo de admisi\u00f3n de programas en la 97 irratia<\/a>\n\t<\/p>\n\t<p><input class=\"wpcf7-form-control wpcf7-submit has-spinner\" type=\"submit\" value=\"Enviar\" \/>\n\t<\/p>\n<\/fieldset><div class=\"wpcf7-response-output\" aria-hidden=\"true\"><\/div>\n<\/form>\n<\/div>\n<\/p>","protected":false},"excerpt":{"rendered":"<p>\u00a1Buscamos personas y asociaciones que deseen asomarse a nuestras ondas libres a trav\u00e9s de su propio programa de radio!<\/p>\n","protected":false},"author":1,"featured_media":0,"parent":0,"menu_order":0,"comment_status":"open","ping_status":"closed","template":"","meta":{"footnotes":""},"class_list":["post-302","page","type-page","status-publish","hentry"],"yoast_head":"<!-- This site is optimized with the Yoast SEO plugin v27.3 - https:\/\/yoast.com\/product\/yoast-seo-wordpress\/ -->\n<title>\u00bfTienes algo que contar al mundo? - 97 Irratia<\/title>\n<meta name=\"robots\" content=\"index, follow, max-snippet:-1, max-image-preview:large, max-video-preview:-1\" \/>\n<link rel=\"canonical\" href=\"https:\/\/97irratia.info\/irratsaio-berria\/\" \/>\n<meta property=\"og:locale\" content=\"es_ES\" \/>\n<meta property=\"og:type\" content=\"article\" \/>\n<meta property=\"og:title\" content=\"\u00bfTienes algo que contar al mundo? - 97 Irratia\" \/>\n<meta property=\"og:description\" content=\"\u00a1Buscamos personas y asociaciones que deseen asomarse a nuestras ondas libres a trav\u00e9s de su propio programa de radio!\" \/>\n<meta property=\"og:url\" content=\"https:\/\/97irratia.info\/irratsaio-berria\/\" \/>\n<meta property=\"og:site_name\" content=\"97 Irratia\" \/>\n<meta property=\"article:publisher\" content=\"https:\/\/www.facebook.com\/laurogeitahamazazpi.irratia\" \/>\n<meta property=\"article:modified_time\" content=\"2019-11-09T00:25:50+00:00\" \/>\n<meta name=\"twitter:card\" content=\"summary_large_image\" \/>\n<script type=\"application\/ld+json\" class=\"yoast-schema-graph\">{\"@context\":\"https:\\\/\\\/schema.org\",\"@graph\":[{\"@type\":\"WebPage\",\"@id\":\"https:\\\/\\\/97irratia.info\\\/irratsaio-berria\\\/\",\"url\":\"https:\\\/\\\/97irratia.info\\\/irratsaio-berria\\\/\",\"name\":\"\u00bfTienes algo que contar al mundo? - 97 Irratia\",\"isPartOf\":{\"@id\":\"https:\\\/\\\/97irratia.info\\\/#website\"},\"datePublished\":\"2014-02-03T14:27:56+00:00\",\"dateModified\":\"2019-11-09T00:25:50+00:00\",\"breadcrumb\":{\"@id\":\"https:\\\/\\\/97irratia.info\\\/irratsaio-berria\\\/#breadcrumb\"},\"inLanguage\":\"es\",\"potentialAction\":[{\"@type\":\"ReadAction\",\"target\":[\"https:\\\/\\\/97irratia.info\\\/irratsaio-berria\\\/\"]}]},{\"@type\":\"BreadcrumbList\",\"@id\":\"https:\\\/\\\/97irratia.info\\\/irratsaio-berria\\\/#breadcrumb\",\"itemListElement\":[{\"@type\":\"ListItem\",\"position\":1,\"name\":\"Home\",\"item\":\"https:\\\/\\\/97irratia.info\\\/\"},{\"@type\":\"ListItem\",\"position\":2,\"name\":\"Munduari zerbait kontatzeko duzu?\"}]},{\"@type\":\"WebSite\",\"@id\":\"https:\\\/\\\/97irratia.info\\\/#website\",\"url\":\"https:\\\/\\\/97irratia.info\\\/\",\"name\":\"97 Irratia\",\"description\":\"La radio que sue\u00f1a\",\"potentialAction\":[{\"@type\":\"SearchAction\",\"target\":{\"@type\":\"EntryPoint\",\"urlTemplate\":\"https:\\\/\\\/97irratia.info\\\/?s={search_term_string}\"},\"query-input\":{\"@type\":\"PropertyValueSpecification\",\"valueRequired\":true,\"valueName\":\"search_term_string\"}}],\"inLanguage\":\"es\"}]}<\/script>\n<!-- \/ Yoast SEO plugin. -->","yoast_head_json":{"title":"\u00bfTienes algo que contar al mundo? - 97 Irratia","robots":{"index":"index","follow":"follow","max-snippet":"max-snippet:-1","max-image-preview":"max-image-preview:large","max-video-preview":"max-video-preview:-1"},"canonical":"https:\/\/97irratia.info\/irratsaio-berria\/","og_locale":"es_ES","og_type":"article","og_title":"\u00bfTienes algo que contar al mundo? - 97 Irratia","og_description":"\u00a1Buscamos personas y asociaciones que deseen asomarse a nuestras ondas libres a trav\u00e9s de su propio programa de radio!","og_url":"https:\/\/97irratia.info\/irratsaio-berria\/","og_site_name":"97 Irratia","article_publisher":"https:\/\/www.facebook.com\/laurogeitahamazazpi.irratia","article_modified_time":"2019-11-09T00:25:50+00:00","twitter_card":"summary_large_image","schema":{"@context":"https:\/\/schema.org","@graph":[{"@type":"WebPage","@id":"https:\/\/97irratia.info\/irratsaio-berria\/","url":"https:\/\/97irratia.info\/irratsaio-berria\/","name":"\u00bfTienes algo que contar al mundo? - 97 Irratia","isPartOf":{"@id":"https:\/\/97irratia.info\/#website"},"datePublished":"2014-02-03T14:27:56+00:00","dateModified":"2019-11-09T00:25:50+00:00","breadcrumb":{"@id":"https:\/\/97irratia.info\/irratsaio-berria\/#breadcrumb"},"inLanguage":"es","potentialAction":[{"@type":"ReadAction","target":["https:\/\/97irratia.info\/irratsaio-berria\/"]}]},{"@type":"BreadcrumbList","@id":"https:\/\/97irratia.info\/irratsaio-berria\/#breadcrumb","itemListElement":[{"@type":"ListItem","position":1,"name":"Home","item":"https:\/\/97irratia.info\/"},{"@type":"ListItem","position":2,"name":"Munduari zerbait kontatzeko duzu?"}]},{"@type":"WebSite","@id":"https:\/\/97irratia.info\/#website","url":"https:\/\/97irratia.info\/","name":"97 Irratia","description":"La radio que sue\u00f1a","potentialAction":[{"@type":"SearchAction","target":{"@type":"EntryPoint","urlTemplate":"https:\/\/97irratia.info\/?s={search_term_string}"},"query-input":{"@type":"PropertyValueSpecification","valueRequired":true,"valueName":"search_term_string"}}],"inLanguage":"es"}]}},"_links":{"self":[{"href":"https:\/\/97irratia.info\/es\/wp-json\/wp\/v2\/pages\/302","targetHints":{"allow":["GET"]}}],"collection":[{"href":"https:\/\/97irratia.info\/es\/wp-json\/wp\/v2\/pages"}],"about":[{"href":"https:\/\/97irratia.info\/es\/wp-json\/wp\/v2\/types\/page"}],"author":[{"embeddable":true,"href":"https:\/\/97irratia.info\/es\/wp-json\/wp\/v2\/users\/1"}],"replies":[{"embeddable":true,"href":"https:\/\/97irratia.info\/es\/wp-json\/wp\/v2\/comments?post=302"}],"version-history":[{"count":11,"href":"https:\/\/97irratia.info\/es\/wp-json\/wp\/v2\/pages\/302\/revisions"}],"predecessor-version":[{"id":15238,"href":"https:\/\/97irratia.info\/es\/wp-json\/wp\/v2\/pages\/302\/revisions\/15238"}],"wp:attachment":[{"href":"https:\/\/97irratia.info\/es\/wp-json\/wp\/v2\/media?parent=302"}],"curies":[{"name":"wp","href":"https:\/\/api.w.org\/{rel}","templated":true}]}}