{"id":41,"date":"2014-01-17T01:25:40","date_gmt":"2014-01-17T01:25:40","guid":{"rendered":"http:\/\/97irratia.info\/?page_id=41"},"modified":"2024-10-30T18:00:20","modified_gmt":"2024-10-30T17:00:20","slug":"97fm","status":"publish","type":"page","link":"https:\/\/97irratia.info\/es\/97fm\/","title":{"rendered":"97 irratia, la radio que sue\u00f1a"},"content":{"rendered":"<p><\/p>\n<p align=\"JUSTIFY\"><strong><span style=\"font-family: Times New Roman, serif;\"><span style=\"font-size: medium;\">Principios y fines de 97 Irratia<\/span><\/span><\/strong><\/p>\n<p align=\"JUSTIFY\"><span style=\"font-family: Times New Roman, serif;\"><span style=\"font-size: medium;\">La asociaci\u00f3n cultural 97 Irratia nace en 2014 tras la decisi\u00f3n de Tas Tas Irratia de desaparecer como colectivo. Al conocer esta noticia, personas del propio colectivo Tas Tas y otras ajenas se re\u00fanen en asamblea abierta y convergen en la necesidad de mantener el 97.0 del dial ocupado por las ondas libres. Poco a poco, se va creando un colectivo en torno a la necesidad de dar a conocer la realidad de los movimientos populares del gran Bilbao, siempre al margen del modelo comunicativo de masas impuesto por los medios tradicionales y teniendo en cuenta la diversidad ideol\u00f3gica de las personas que forman parte del proyecto.<\/span><\/span><\/p>\n<p align=\"JUSTIFY\"><span style=\"font-family: Times New Roman, serif;\"><span style=\"font-size: medium;\">Tomando como base esta diversidad ideol\u00f3gica y sin pretender limitarla ni restarle dinamismo, la asamblea ve necesario concretar los principios y fines que conforman el car\u00e1cter de 97 Irratia.<\/span><\/span><\/p>\n<p align=\"JUSTIFY\"><span style=\"color: #5b9bd5;\"><span style=\"font-family: Times New Roman, serif;\"><span style=\"font-size: medium;\"><b>Medio de comunicaci\u00f3n popular: <\/b><\/span><\/span><\/span><span style=\"font-family: Times New Roman, serif;\"><span style=\"font-size: medium;\">Entendemos la comunicaci\u00f3n como una herramienta para la transformaci\u00f3n y nos proponemos desarrollar el uso de los medios y t\u00e9cnicas radiof\u00f3nicas desde una perspectiva cr\u00edtica, activa, creativa y con credibilidad. <\/span><\/span><\/p>\n<p align=\"JUSTIFY\"><span style=\"font-family: Times New Roman, serif;\"><span style=\"font-size: medium;\">Entendemos que 97 Irratia es <\/span><\/span><span style=\"font-family: Times New Roman, serif;\"><span style=\"font-size: medium;\"><b>un medio de comunicaci\u00f3n popular<\/b><\/span><\/span><span style=\"font-family: Times New Roman, serif;\"><span style=\"font-size: medium;\">, forma parte de una red de colectivos y movimientos sociales y su papel es dar voz a todas esas personas y luchas que son silenciadas en los grandes medios de comunicaci\u00f3n. <\/span><\/span><\/p>\n<p align=\"JUSTIFY\"><span style=\"font-family: Times New Roman, serif;\"><span style=\"font-size: medium;\">Queremos, adem\u00e1s, que la radio sea algo m\u00e1s que un canal de informaci\u00f3n unidireccional y se convierta en un medio para poner en contacto a personas, colectivos e ideas.<\/span><\/span><\/p>\n<p align=\"JUSTIFY\"><span style=\"color: #5b9bd5;\"><span style=\"font-family: Times New Roman, serif;\"><span style=\"font-size: medium;\"><b>Autogesti\u00f3n y asamblea: <\/b><\/span><\/span><\/span><span style=\"font-family: Times New Roman, serif;\"><span style=\"font-size: medium;\">La militancia, el trabajo voluntario, la colaboraci\u00f3n con los movimientos populares y la participaci\u00f3n directa de la sociedad son las bases de 97 Irratia y de nuestro proyecto comunicativo.<\/span><\/span><\/p>\n<p align=\"JUSTIFY\"><span style=\"font-family: Times New Roman, serif;\"><span style=\"font-size: medium;\">A nivel organizativo, todos los marcos de decisi\u00f3n y todas las comisiones son espacios abiertos y necesitan la aportaci\u00f3n de la mayor cantidad de gente posible. Para ello, el reparto del trabajo, la informaci\u00f3n interna, los mecanismos de participaci\u00f3n y la formaci\u00f3n son imprescindibles.<\/span><\/span><\/p>\n<p align=\"JUSTIFY\"><span style=\"font-family: Times New Roman, serif;\"><span style=\"font-size: medium;\">La Asamblea General, que tiene lugar una vez al a\u00f1o, es el espacio principal para la toma de decisiones de gran calado. Tambi\u00e9n se realizar\u00e1n asambleas peri\u00f3dicas para sacar adelante el trabajo diario y la coordinaci\u00f3n entre todas las comisiones. En ambas se tomar\u00e1n <\/span><\/span><span style=\"font-family: Times New Roman, serif;\"><span style=\"font-size: medium;\"><b>decisiones de manera asamblearia, horizontal y consensuada<\/b><\/span><\/span><span style=\"font-family: Times New Roman, serif;\"><span style=\"font-size: medium;\">, siendo el \u00faltimo recurso votar o decidir por mayor\u00eda. Garantizar todo esto es responsabilidad de todas las personas que forman el colectivo, explorando y empleando metodolog\u00edas participativas apropiadas para la dinamizaci\u00f3n de las asambleas.<\/span><\/span><\/p>\n<p align=\"JUSTIFY\"><span style=\"color: #5b9bd5;\"><span style=\"font-family: Times New Roman, serif;\"><span style=\"font-size: medium;\"><b>Autonom\u00eda: <\/b><\/span><\/span><\/span><span style=\"font-family: Times New Roman, serif;\"><span style=\"font-size: medium;\">Consideramos que la informaci\u00f3n no es una mercanc\u00eda. Por lo tanto, como medio de comunicaci\u00f3n popular, es imprescindible la <\/span><\/span><span style=\"font-family: Times New Roman, serif;\"><span style=\"font-size: medium;\"><b>independencia<\/b><\/span><\/span><span style=\"font-family: Times New Roman, serif;\"><span style=\"font-size: medium;\"> de nuestro proyecto comunicativo, sin depender de intereses comerciales, econ\u00f3micos, ideol\u00f3gicos o pol\u00edticos. <\/span><\/span><\/p>\n<p align=\"JUSTIFY\"><span style=\"font-family: Times New Roman, serif;\"><span style=\"font-size: medium;\">Es responsabilidad y derecho de todas las personas del colectivo participar en la toma de las decisiones que tengan que ver con el colectivo o los contenidos del proyecto comunicativo, as\u00ed como llevarlas a cabo.<\/span><\/span><\/p>\n<p align=\"JUSTIFY\"><span style=\"font-family: Times New Roman, serif;\"><span style=\"font-size: medium;\">Del mismo modo, cada persona del colectivo, cada programa o cada comisi\u00f3n actuar\u00e1n de manera aut\u00f3noma, en favor de los intereses del colectivo y sin ninguna condici\u00f3n o l\u00edmite m\u00e1s all\u00e1 de las bases m\u00ednimas o de las decisiones tomadas de manera colectiva.<\/span><\/span><\/p>\n<p align=\"JUSTIFY\"><span style=\"font-family: Times New Roman, serif;\"><span style=\"font-size: medium;\">Adem\u00e1s, impulsamos formas de participaci\u00f3n positivas, lejos de la din\u00e1mica de la obligatoriedad y aceptando diferentes niveles de compromiso en la militancia. <\/span><\/span><\/p>\n<p align=\"JUSTIFY\"><span style=\"color: #5b9bd5;\"><span style=\"font-family: Times New Roman, serif;\"><span style=\"font-size: medium;\"><b>Autofinanciaci\u00f3n: <\/b><\/span><\/span><\/span><span style=\"font-family: Times New Roman, serif;\"><span style=\"font-size: medium;\">En el \u00e1mbito econ\u00f3mico, optamos por la autofinanciaci\u00f3n, creando fuentes de ingresos propias: las aportaciones de las personas socias y las iniciativas de financiaci\u00f3n impulsadas aut\u00f3nomamente son la fuente de ingresos principal del colectivo.<\/span><\/span><\/p>\n<p align=\"JUSTIFY\"><span style=\"font-family: Times New Roman, serif;\"><span style=\"font-size: medium;\">Aceptamos recibir algunas subvenciones p\u00fablicas, siempre seg\u00fan los intereses del colectivo, con el apoyo de la asamblea y evitando la dependencia hacia elementos externos en nuestros presupuestos. Es decir, no puede ser nuestra principal fuente de ingresos ni condicionar nuestro proyecto.<\/span><\/span><\/p>\n<p align=\"JUSTIFY\"><span style=\"font-family: Times New Roman, serif;\"><span style=\"font-size: medium;\">En consonancia con nuestra apuesta por un modelo de comunicaci\u00f3n no-comercial, <\/span><\/span><span style=\"font-family: Times New Roman, serif;\"><span style=\"font-size: medium;\"><b>no aceptamos la publicidad comercial como fuente de financiaci\u00f3n.<\/b><\/span><\/span><\/p>\n<p align=\"JUSTIFY\"><span style=\"color: #5b9bd5;\"><span style=\"font-family: Times New Roman, serif;\"><span style=\"font-size: medium;\"><b>Interculturalidad: <\/b><\/span><\/span><\/span><span style=\"font-family: Times New Roman, serif;\"><span style=\"font-size: medium;\">Estamos <\/span><\/span><span style=\"font-family: Times New Roman, serif;\"><span style=\"font-size: medium;\"><b>a favor de la diversidad cultural y de los derechos de las personas migradas y refugiadas<\/b><\/span><\/span><span style=\"font-family: Times New Roman, serif;\"><span style=\"font-size: medium;\">. Trabajaremos a favor de la convivencia y de la inclusi\u00f3n en nuestra pr\u00e1ctica comunicativa.<\/span><\/span><\/p>\n<p align=\"JUSTIFY\"><span style=\"font-family: Times New Roman, serif;\"><span style=\"font-size: medium;\">Adem\u00e1s, llevaremos el discurso a la pr\u00e1ctica, impulsando la relaci\u00f3n entre las personas y culturas que llegan desde otras tierras y aquellas que conviven en nuestro territorio, dando a conocer nuestro proyecto e invitando a participar en el colectivo.<\/span><\/span><\/p>\n<p align=\"JUSTIFY\"><span style=\"font-family: Times New Roman, serif;\"><span style=\"font-size: medium;\">No aceptamos actitudes ni discursos racistas y xen\u00f3fobos, ni dentro del colectivo ni en la sociedad. Como medio de comunicaci\u00f3n popular, asumimos nuestra responsabilidad para deslegitimar estas actitudes.<\/span><\/span><\/p>\n<p align=\"JUSTIFY\"><span style=\"color: #5b9bd5;\"><span style=\"font-family: Times New Roman, serif;\"><span style=\"font-size: medium;\"><b>Euskera: <\/b><\/span><\/span><\/span><span style=\"font-family: Times New Roman, serif;\"><span style=\"font-size: medium;\">Entendemos el euskera como la lengua de este pueblo, Euskal Herria. En consonancia con esto, siempre que sea posible <\/span><\/span><span style=\"font-family: Times New Roman, serif;\"><span style=\"font-size: medium;\"><b>priorizaremos el euskera<\/b><\/span><\/span><span style=\"font-family: Times New Roman, serif;\"><span style=\"font-size: medium;\">, tanto en la comunicaci\u00f3n interna (asambleas, reuniones, comisiones, notas&#8230;) como en la pr\u00e1ctica comunicativa (programas, redacci\u00f3n web, v\u00eddeos&#8230;).<\/span><\/span><\/p>\n<p align=\"JUSTIFY\"><span style=\"font-family: Times New Roman, serif;\"><span style=\"font-size: medium;\">Adem\u00e1s, entendemos 97 Irratia como un espacio para la euskaldunizaci\u00f3n y como una herramienta para la normalizaci\u00f3n del euskera.<\/span><\/span><\/p>\n<p align=\"JUSTIFY\"><span style=\"color: #5b9bd5;\"><span style=\"font-family: Times New Roman, serif;\"><span style=\"font-size: medium;\"><b>Feminismo: <\/b><\/span><\/span><\/span><span style=\"font-family: Times New Roman, serif;\"><span style=\"font-size: medium;\">Somos <\/span><\/span><span style=\"font-family: Times New Roman, serif;\"><span style=\"font-size: medium;\"><b>un medio de comunicaci\u00f3n feminista<\/b><\/span><\/span><span style=\"font-family: Times New Roman, serif;\"><span style=\"font-size: medium;\"> y tenemos como objetivo la igualdad de todas las personas. <\/span><\/span><\/p>\n<p align=\"JUSTIFY\"><span style=\"font-family: Times New Roman, serif;\"><span style=\"font-size: medium;\">No aceptamos actitudes ni discursos sexistas o LGTBQ+fobos, ni dentro del colectivo ni en la sociedad. Como medio de comunicaci\u00f3n popular, asumimos nuestra responsabilidad para deslegitimar estas actitudes y apostamos por la defensa de la diversidad sexual y de identidad.<\/span><\/span><\/p>\n<p align=\"JUSTIFY\"><span style=\"font-family: Times New Roman, serif;\"><span style=\"font-size: medium;\"><span lang=\"it-IT\">Creemos en la importancia de impulsar la presencia de mujeres como voces autorizadas, y de incorporar\u00a0sistem\u00e1ticamente una perspectiva feminista en 97 Irratia, tanto en la organizaci\u00f3n y estructura de la radio, como en los contenidos\u00a0de los programas. Para ello fomentaremos que las miradas feministas est\u00e9n integradas en el lenguaje, los sonidos y las im\u00e1genes que usemos. Adem\u00e1s, pretendemos tambi\u00e9n tener una presencia equilibrada de mujeres en los espacios de la radio e incorporar\u00a0la perspectiva feminista en las asambleas, por ejemplo, con la identificaci\u00f3n y an\u00e1lisis de las experiencias y reflexiones de mujeres que forman parte de nuestro colectivo.<\/span><\/span><\/span><\/p>\n<p align=\"JUSTIFY\"><span style=\"color: #5b9bd5;\"><span style=\"font-family: Times New Roman, serif;\"><span style=\"font-size: medium;\"><b>Accesibilidad: <\/b><\/span><\/span><\/span><span style=\"font-family: Times New Roman, serif;\"><span style=\"font-size: medium;\">Teniendo en cuenta las diversidades funcionales, con el objetivo de ser un espacio accesible y agradable, en 97 Irratia tomaremos las medidas para garantizar ese objetivo y llevaremos a cabo las reformas que sean necesarias para ello.<\/span><\/span><\/p>\n<p align=\"JUSTIFY\"><span style=\"font-family: Times New Roman, serif;\"><span style=\"font-size: medium;\">Tambi\u00e9n daremos pasos hacia la accesibilidad de los contenidos en nuestra pr\u00e1ctica comunicativa y en el funcionamiento interno de nuestro colectivo: lectura f\u00e1cil, lengua de signos, traducci\u00f3n&#8230;<\/span><\/span><\/p>\n<p align=\"JUSTIFY\"><span style=\"font-family: Times New Roman, serif;\"><span style=\"font-size: medium;\">Adem\u00e1s del derecho a recibir informaci\u00f3n, y con el objetivo de mejorar la accesibilidad, tambi\u00e9n debemos <\/span><\/span><span style=\"font-family: Times New Roman, serif;\"><span style=\"font-size: medium;\"><b>garantizar el derecho de todas las personas a comunicar<\/b><\/span><\/span><span style=\"font-family: Times New Roman, serif;\"><span style=\"font-size: medium;\">. Para ello se deben dar pasos y crear puentes con colectivos, organizaciones y personas que trabajen en ese \u00e1mbito.<\/span><\/span><\/p>\n<p>&nbsp;<\/p>\n<p><\/p>","protected":false},"excerpt":{"rendered":"<p>Principios y fines de 97 Irratia La asociaci\u00f3n cultural 97 Irratia nace en 2014 tras la decisi\u00f3n de Tas Tas Irratia de desaparecer como colectivo. Al conocer esta noticia, personas del propio colectivo Tas Tas y otras ajenas se re\u00fanen en asamblea abierta y convergen en la necesidad de mantener el 97.0 del dial ocupado&#8230;<\/p>\n","protected":false},"author":1,"featured_media":0,"parent":0,"menu_order":0,"comment_status":"closed","ping_status":"open","template":"","meta":{"footnotes":""},"class_list":["post-41","page","type-page","status-publish","hentry"],"yoast_head":"<!-- This site is optimized with the Yoast SEO plugin v27.3 - https:\/\/yoast.com\/product\/yoast-seo-wordpress\/ -->\n<title>97 irratia, la radio que sue\u00f1a - 97 Irratia<\/title>\n<meta name=\"robots\" content=\"index, follow, max-snippet:-1, max-image-preview:large, max-video-preview:-1\" \/>\n<link rel=\"canonical\" href=\"https:\/\/97irratia.info\/97fm\/\" \/>\n<meta property=\"og:locale\" content=\"es_ES\" \/>\n<meta property=\"og:type\" content=\"article\" \/>\n<meta property=\"og:title\" content=\"97 irratia, la radio que sue\u00f1a - 97 Irratia\" \/>\n<meta property=\"og:description\" content=\"Principios y fines de 97 Irratia La asociaci\u00f3n cultural 97 Irratia nace en 2014 tras la decisi\u00f3n de Tas Tas Irratia de desaparecer como colectivo. Al conocer esta noticia, personas del propio colectivo Tas Tas y otras ajenas se re\u00fanen en asamblea abierta y convergen en la necesidad de mantener el 97.0 del dial ocupado...\" \/>\n<meta property=\"og:url\" content=\"https:\/\/97irratia.info\/97fm\/\" \/>\n<meta property=\"og:site_name\" content=\"97 Irratia\" \/>\n<meta property=\"article:publisher\" content=\"https:\/\/www.facebook.com\/laurogeitahamazazpi.irratia\" \/>\n<meta property=\"article:modified_time\" content=\"2024-10-30T17:00:20+00:00\" \/>\n<meta name=\"twitter:card\" content=\"summary_large_image\" \/>\n<meta name=\"twitter:label1\" content=\"Tiempo de lectura\" \/>\n\t<meta name=\"twitter:data1\" content=\"9 minutos\" \/>\n<script type=\"application\/ld+json\" class=\"yoast-schema-graph\">{\"@context\":\"https:\\\/\\\/schema.org\",\"@graph\":[{\"@type\":\"WebPage\",\"@id\":\"https:\\\/\\\/97irratia.info\\\/97fm\\\/\",\"url\":\"https:\\\/\\\/97irratia.info\\\/97fm\\\/\",\"name\":\"97 irratia, la radio que sue\u00f1a - 97 Irratia\",\"isPartOf\":{\"@id\":\"https:\\\/\\\/97irratia.info\\\/#website\"},\"datePublished\":\"2014-01-17T01:25:40+00:00\",\"dateModified\":\"2024-10-30T17:00:20+00:00\",\"breadcrumb\":{\"@id\":\"https:\\\/\\\/97irratia.info\\\/97fm\\\/#breadcrumb\"},\"inLanguage\":\"es\",\"potentialAction\":[{\"@type\":\"ReadAction\",\"target\":[\"https:\\\/\\\/97irratia.info\\\/97fm\\\/\"]}]},{\"@type\":\"BreadcrumbList\",\"@id\":\"https:\\\/\\\/97irratia.info\\\/97fm\\\/#breadcrumb\",\"itemListElement\":[{\"@type\":\"ListItem\",\"position\":1,\"name\":\"Home\",\"item\":\"https:\\\/\\\/97irratia.info\\\/\"},{\"@type\":\"ListItem\",\"position\":2,\"name\":\"97 irratia, la radio que sue\u00f1a\"}]},{\"@type\":\"WebSite\",\"@id\":\"https:\\\/\\\/97irratia.info\\\/#website\",\"url\":\"https:\\\/\\\/97irratia.info\\\/\",\"name\":\"97 Irratia\",\"description\":\"La radio que sue\u00f1a\",\"potentialAction\":[{\"@type\":\"SearchAction\",\"target\":{\"@type\":\"EntryPoint\",\"urlTemplate\":\"https:\\\/\\\/97irratia.info\\\/?s={search_term_string}\"},\"query-input\":{\"@type\":\"PropertyValueSpecification\",\"valueRequired\":true,\"valueName\":\"search_term_string\"}}],\"inLanguage\":\"es\"}]}<\/script>\n<!-- \/ Yoast SEO plugin. -->","yoast_head_json":{"title":"97 irratia, la radio que sue\u00f1a - 97 Irratia","robots":{"index":"index","follow":"follow","max-snippet":"max-snippet:-1","max-image-preview":"max-image-preview:large","max-video-preview":"max-video-preview:-1"},"canonical":"https:\/\/97irratia.info\/97fm\/","og_locale":"es_ES","og_type":"article","og_title":"97 irratia, la radio que sue\u00f1a - 97 Irratia","og_description":"Principios y fines de 97 Irratia La asociaci\u00f3n cultural 97 Irratia nace en 2014 tras la decisi\u00f3n de Tas Tas Irratia de desaparecer como colectivo. Al conocer esta noticia, personas del propio colectivo Tas Tas y otras ajenas se re\u00fanen en asamblea abierta y convergen en la necesidad de mantener el 97.0 del dial ocupado...","og_url":"https:\/\/97irratia.info\/97fm\/","og_site_name":"97 Irratia","article_publisher":"https:\/\/www.facebook.com\/laurogeitahamazazpi.irratia","article_modified_time":"2024-10-30T17:00:20+00:00","twitter_card":"summary_large_image","twitter_misc":{"Tiempo de lectura":"9 minutos"},"schema":{"@context":"https:\/\/schema.org","@graph":[{"@type":"WebPage","@id":"https:\/\/97irratia.info\/97fm\/","url":"https:\/\/97irratia.info\/97fm\/","name":"97 irratia, la radio que sue\u00f1a - 97 Irratia","isPartOf":{"@id":"https:\/\/97irratia.info\/#website"},"datePublished":"2014-01-17T01:25:40+00:00","dateModified":"2024-10-30T17:00:20+00:00","breadcrumb":{"@id":"https:\/\/97irratia.info\/97fm\/#breadcrumb"},"inLanguage":"es","potentialAction":[{"@type":"ReadAction","target":["https:\/\/97irratia.info\/97fm\/"]}]},{"@type":"BreadcrumbList","@id":"https:\/\/97irratia.info\/97fm\/#breadcrumb","itemListElement":[{"@type":"ListItem","position":1,"name":"Home","item":"https:\/\/97irratia.info\/"},{"@type":"ListItem","position":2,"name":"97 irratia, la radio que sue\u00f1a"}]},{"@type":"WebSite","@id":"https:\/\/97irratia.info\/#website","url":"https:\/\/97irratia.info\/","name":"97 Irratia","description":"La radio que sue\u00f1a","potentialAction":[{"@type":"SearchAction","target":{"@type":"EntryPoint","urlTemplate":"https:\/\/97irratia.info\/?s={search_term_string}"},"query-input":{"@type":"PropertyValueSpecification","valueRequired":true,"valueName":"search_term_string"}}],"inLanguage":"es"}]}},"_links":{"self":[{"href":"https:\/\/97irratia.info\/es\/wp-json\/wp\/v2\/pages\/41","targetHints":{"allow":["GET"]}}],"collection":[{"href":"https:\/\/97irratia.info\/es\/wp-json\/wp\/v2\/pages"}],"about":[{"href":"https:\/\/97irratia.info\/es\/wp-json\/wp\/v2\/types\/page"}],"author":[{"embeddable":true,"href":"https:\/\/97irratia.info\/es\/wp-json\/wp\/v2\/users\/1"}],"replies":[{"embeddable":true,"href":"https:\/\/97irratia.info\/es\/wp-json\/wp\/v2\/comments?post=41"}],"version-history":[{"count":27,"href":"https:\/\/97irratia.info\/es\/wp-json\/wp\/v2\/pages\/41\/revisions"}],"predecessor-version":[{"id":31550,"href":"https:\/\/97irratia.info\/es\/wp-json\/wp\/v2\/pages\/41\/revisions\/31550"}],"wp:attachment":[{"href":"https:\/\/97irratia.info\/es\/wp-json\/wp\/v2\/media?parent=41"}],"curies":[{"name":"wp","href":"https:\/\/api.w.org\/{rel}","templated":true}]}}