{"id":45,"date":"2014-01-17T01:33:40","date_gmt":"2014-01-17T01:33:40","guid":{"rendered":"http:\/\/97irratia.info\/?page_id=45"},"modified":"2019-11-11T01:17:14","modified_gmt":"2019-11-11T00:17:14","slug":"bazkidetza","status":"publish","type":"page","link":"https:\/\/97irratia.info\/es\/bazkidetza\/","title":{"rendered":"Hazte Soci@ de 97 irratia"},"content":{"rendered":"<p>A quienes quer\u00e9is apoyar a 97 Irratia os animamos a rellenar el siguiente cuestionario para haceros irratikides y aportar lo que pod\u00e1is a la radio.\u00a0Si lo prefer\u00eds pod\u00e9is hacernos una donaci\u00f3n puntual o bien aportar una cantidad de forma peri\u00f3dica durante el tiempo que consideres oportuno en este n\u00famero de cuenta ES80 3035 0134 46 1340053464.<\/p>\n\n<div class=\"wpcf7 no-js\" id=\"wpcf7-f170-o2\" lang=\"es-ES\" dir=\"ltr\" data-wpcf7-id=\"170\">\n<div class=\"screen-reader-response\"><p role=\"status\" aria-live=\"polite\" aria-atomic=\"true\"><\/p> <ul><\/ul><\/div>\n<form action=\"\/es\/wp-json\/wp\/v2\/pages\/45#wpcf7-f170-o2\" method=\"post\" class=\"wpcf7-form init\" aria-label=\"Formulario de contacto\" novalidate=\"novalidate\" data-status=\"init\">\n<fieldset class=\"hidden-fields-container\"><input type=\"hidden\" name=\"_wpcf7\" value=\"170\" \/><input type=\"hidden\" name=\"_wpcf7_version\" value=\"6.1.5\" \/><input type=\"hidden\" name=\"_wpcf7_locale\" value=\"es_ES\" \/><input type=\"hidden\" name=\"_wpcf7_unit_tag\" value=\"wpcf7-f170-o2\" \/><input type=\"hidden\" name=\"_wpcf7_container_post\" value=\"0\" \/><input type=\"hidden\" name=\"_wpcf7_posted_data_hash\" value=\"\" \/>\n<\/fieldset>\n<fieldset>\n\t<legend>Alta soci@\n\t<\/legend>\n\t<p> Nombre y apellidos (requerido)\n\t<\/p>\n\t<p><span class=\"wpcf7-form-control-wrap\" data-name=\"firstname-lastname\"><input size=\"40\" maxlength=\"400\" class=\"wpcf7-form-control wpcf7-text wpcf7-validates-as-required\" aria-required=\"true\" aria-invalid=\"false\" value=\"\" type=\"text\" name=\"firstname-lastname\" \/><\/span>\n\t<\/p>\n\t<p> Codigo postal y Ciudad o Pueblo\n\t<\/p>\n\t<p><span class=\"wpcf7-form-control-wrap\" data-name=\"address\"><input size=\"40\" maxlength=\"400\" class=\"wpcf7-form-control wpcf7-text wpcf7-validates-as-required\" aria-required=\"true\" aria-invalid=\"false\" value=\"\" type=\"text\" name=\"address\" \/><\/span>\n\t<\/p>\n\t<p> Tel\u00e9fono\n\t<\/p>\n\t<p><span class=\"wpcf7-form-control-wrap\" data-name=\"phone\"><input size=\"40\" maxlength=\"400\" class=\"wpcf7-form-control wpcf7-text\" aria-invalid=\"false\" value=\"\" type=\"text\" name=\"phone\" \/><\/span>\n\t<\/p>\n\t<p> e-mail (requerido)\n\t<\/p>\n\t<p><span class=\"wpcf7-form-control-wrap\" data-name=\"email\"><input size=\"40\" maxlength=\"400\" class=\"wpcf7-form-control wpcf7-email wpcf7-validates-as-required wpcf7-text wpcf7-validates-as-email\" aria-required=\"true\" aria-invalid=\"false\" value=\"\" type=\"email\" name=\"email\" \/><\/span>\n\t<\/p>\n\t<p> N\u00ba cuenta domiciliaci\u00f3n (20 d\u00edgitos)\n\t<\/p>\n\t<p><span class=\"wpcf7-form-control-wrap\" data-name=\"bank-nr\"><input size=\"23\" maxlength=\"23\" class=\"wpcf7-form-control wpcf7-text wpcf7-validates-as-required\" aria-required=\"true\" aria-invalid=\"false\" placeholder=\"0000-0000-00-0000000000\" value=\"\" type=\"text\" name=\"bank-nr\" \/><\/span>\n\t<\/p>\n\t<p> Cuota\n\t<\/p>\n\t<p><span class=\"wpcf7-form-control-wrap\" data-name=\"quota\"><input class=\"wpcf7-form-control wpcf7-number wpcf7-validates-as-required wpcf7-validates-as-number\" min=\"5\" step=\"5\" aria-required=\"true\" aria-invalid=\"false\" placeholder=\"5 \u20ac\" value=\"\" type=\"number\" name=\"quota\" \/><\/span>\n\t<\/p>\n\t<p> Frecuencia pago\n\t<\/p>\n\t<p><span class=\"wpcf7-form-control-wrap\" data-name=\"payment-freq\"><select class=\"wpcf7-form-control wpcf7-select wpcf7-validates-as-required\" aria-required=\"true\" aria-invalid=\"false\" name=\"payment-freq\"><option value=\"Mensual\">Mensual<\/option><option value=\"Trimestral\">Trimestral<\/option><option value=\"Semestral\">Semestral<\/option><option value=\"Anual\">Anual<\/option><\/select><\/span>\n\t<\/p>\n\t<p> Mensaje adicional\n\t<\/p>\n\t<p><span class=\"wpcf7-form-control-wrap\" data-name=\"note\"><textarea cols=\"40\" rows=\"10\" maxlength=\"2000\" class=\"wpcf7-form-control wpcf7-textarea\" aria-invalid=\"false\" name=\"note\"><\/textarea><\/span>\n\t<\/p>\n\t<p><input type=\"hidden\" name=\"_wpcf7_captcha_challenge_captcha-262\" value=\"2383851599\" \/><img loading=\"lazy\" decoding=\"async\" class=\"wpcf7-form-control wpcf7-captchac wpcf7-captcha-captcha-262\" width=\"72\" height=\"24\" alt=\"captcha\" src=\"https:\/\/97irratia.info\/wp-content\/uploads\/wpcf7_captcha\/2383851599.png\" \/>\n\t<\/p>\n\t<p><span class=\"wpcf7-form-control-wrap\" data-name=\"captcha-262\"><input size=\"40\" class=\"wpcf7-form-control wpcf7-captchar\" autocomplete=\"off\" aria-invalid=\"false\" value=\"\" type=\"text\" name=\"captcha-262\" \/><\/span>\n\t<\/p>\n\t<p><input class=\"wpcf7-form-control wpcf7-submit has-spinner\" type=\"submit\" value=\"Bidali\" \/>\n\t<\/p>\n<\/fieldset><div class=\"wpcf7-response-output\" aria-hidden=\"true\"><\/div>\n<\/form>\n<\/div>\n\n<p>Agradecemos a los diferentes colectivos y personas que forman parte de 97 Irratia su colaboraci\u00f3n y confianza sin la cual nada de esto ser\u00eda realidad. Estamos cerca de llegar al 100% de la financiaci\u00f3n de los gastos de la radio con las cuotas y aportaciones de nuestros soci@s y queremos que siga siendo as\u00ed.<\/p>\n<p>Cubrir gastos es importante, pero tenemos muchas cosas que mejorar, muchos retos que alcanzar y nuevas ambiciones que plantear. Eso s\u00ed, no vamos a endeudarnos para que la radio crezca. Iremos planteando y cumpliendo nuevos objetivos en funci\u00f3n del apoyo econ\u00f3mico que tengamos, paso a paso.<\/p>\n<h5 style=\"text-align: center;\">97 Irratia. La radio que sue\u00f1a. \u00a1Contigo! \u00a1Gracias a ti!<\/h5>\n<p><\/p>","protected":false},"excerpt":{"rendered":"<p>A quienes quer\u00e9is apoyar a 97 Irratia os animamos a rellenar el siguiente cuestionario para haceros irratikides y aportar lo que pod\u00e1is a la radio.\u00a0Si lo prefer\u00eds pod\u00e9is hacernos una donaci\u00f3n puntual o bien aportar una cantidad de forma peri\u00f3dica durante el tiempo que consideres oportuno en este n\u00famero de cuenta ES80 3035 0134 46&#8230;<\/p>\n","protected":false},"author":1,"featured_media":0,"parent":0,"menu_order":0,"comment_status":"closed","ping_status":"open","template":"","meta":{"footnotes":""},"class_list":["post-45","page","type-page","status-publish","hentry"],"yoast_head":"<!-- This site is optimized with the Yoast SEO plugin v27.4 - https:\/\/yoast.com\/product\/yoast-seo-wordpress\/ -->\n<title>Hazte Soci@ de 97 irratia - 97 Irratia<\/title>\n<meta name=\"robots\" content=\"index, follow, max-snippet:-1, max-image-preview:large, max-video-preview:-1\" \/>\n<link rel=\"canonical\" href=\"https:\/\/97irratia.info\/bazkidetza\/\" \/>\n<meta property=\"og:locale\" content=\"es_ES\" \/>\n<meta property=\"og:type\" content=\"article\" \/>\n<meta property=\"og:title\" content=\"Hazte Soci@ de 97 irratia - 97 Irratia\" \/>\n<meta property=\"og:description\" content=\"A quienes quer\u00e9is apoyar a 97 Irratia os animamos a rellenar el siguiente cuestionario para haceros irratikides y aportar lo que pod\u00e1is a la radio.\u00a0Si lo prefer\u00eds pod\u00e9is hacernos una donaci\u00f3n puntual o bien aportar una cantidad de forma peri\u00f3dica durante el tiempo que consideres oportuno en este n\u00famero de cuenta ES80 3035 0134 46...\" \/>\n<meta property=\"og:url\" content=\"https:\/\/97irratia.info\/bazkidetza\/\" \/>\n<meta property=\"og:site_name\" content=\"97 Irratia\" \/>\n<meta property=\"article:publisher\" content=\"https:\/\/www.facebook.com\/laurogeitahamazazpi.irratia\" \/>\n<meta property=\"article:modified_time\" content=\"2019-11-11T00:17:14+00:00\" \/>\n<meta name=\"twitter:card\" content=\"summary_large_image\" \/>\n<meta name=\"twitter:label1\" content=\"Tiempo de lectura\" \/>\n\t<meta name=\"twitter:data1\" content=\"2 minutos\" \/>\n<script type=\"application\/ld+json\" class=\"yoast-schema-graph\">{\"@context\":\"https:\\\/\\\/schema.org\",\"@graph\":[{\"@type\":\"WebPage\",\"@id\":\"https:\\\/\\\/97irratia.info\\\/bazkidetza\\\/\",\"url\":\"https:\\\/\\\/97irratia.info\\\/bazkidetza\\\/\",\"name\":\"Hazte Soci@ de 97 irratia - 97 Irratia\",\"isPartOf\":{\"@id\":\"https:\\\/\\\/97irratia.info\\\/#website\"},\"datePublished\":\"2014-01-17T01:33:40+00:00\",\"dateModified\":\"2019-11-11T00:17:14+00:00\",\"breadcrumb\":{\"@id\":\"https:\\\/\\\/97irratia.info\\\/bazkidetza\\\/#breadcrumb\"},\"inLanguage\":\"es\",\"potentialAction\":[{\"@type\":\"ReadAction\",\"target\":[\"https:\\\/\\\/97irratia.info\\\/bazkidetza\\\/\"]}]},{\"@type\":\"BreadcrumbList\",\"@id\":\"https:\\\/\\\/97irratia.info\\\/bazkidetza\\\/#breadcrumb\",\"itemListElement\":[{\"@type\":\"ListItem\",\"position\":1,\"name\":\"Home\",\"item\":\"https:\\\/\\\/97irratia.info\\\/\"},{\"@type\":\"ListItem\",\"position\":2,\"name\":\"Egin zaitez 97-ko irratikide\"}]},{\"@type\":\"WebSite\",\"@id\":\"https:\\\/\\\/97irratia.info\\\/#website\",\"url\":\"https:\\\/\\\/97irratia.info\\\/\",\"name\":\"97 Irratia\",\"description\":\"La radio que sue\u00f1a\",\"potentialAction\":[{\"@type\":\"SearchAction\",\"target\":{\"@type\":\"EntryPoint\",\"urlTemplate\":\"https:\\\/\\\/97irratia.info\\\/?s={search_term_string}\"},\"query-input\":{\"@type\":\"PropertyValueSpecification\",\"valueRequired\":true,\"valueName\":\"search_term_string\"}}],\"inLanguage\":\"es\"}]}<\/script>\n<!-- \/ Yoast SEO plugin. -->","yoast_head_json":{"title":"Hazte Soci@ de 97 irratia - 97 Irratia","robots":{"index":"index","follow":"follow","max-snippet":"max-snippet:-1","max-image-preview":"max-image-preview:large","max-video-preview":"max-video-preview:-1"},"canonical":"https:\/\/97irratia.info\/bazkidetza\/","og_locale":"es_ES","og_type":"article","og_title":"Hazte Soci@ de 97 irratia - 97 Irratia","og_description":"A quienes quer\u00e9is apoyar a 97 Irratia os animamos a rellenar el siguiente cuestionario para haceros irratikides y aportar lo que pod\u00e1is a la radio.\u00a0Si lo prefer\u00eds pod\u00e9is hacernos una donaci\u00f3n puntual o bien aportar una cantidad de forma peri\u00f3dica durante el tiempo que consideres oportuno en este n\u00famero de cuenta ES80 3035 0134 46...","og_url":"https:\/\/97irratia.info\/bazkidetza\/","og_site_name":"97 Irratia","article_publisher":"https:\/\/www.facebook.com\/laurogeitahamazazpi.irratia","article_modified_time":"2019-11-11T00:17:14+00:00","twitter_card":"summary_large_image","twitter_misc":{"Tiempo de lectura":"2 minutos"},"schema":{"@context":"https:\/\/schema.org","@graph":[{"@type":"WebPage","@id":"https:\/\/97irratia.info\/bazkidetza\/","url":"https:\/\/97irratia.info\/bazkidetza\/","name":"Hazte Soci@ de 97 irratia - 97 Irratia","isPartOf":{"@id":"https:\/\/97irratia.info\/#website"},"datePublished":"2014-01-17T01:33:40+00:00","dateModified":"2019-11-11T00:17:14+00:00","breadcrumb":{"@id":"https:\/\/97irratia.info\/bazkidetza\/#breadcrumb"},"inLanguage":"es","potentialAction":[{"@type":"ReadAction","target":["https:\/\/97irratia.info\/bazkidetza\/"]}]},{"@type":"BreadcrumbList","@id":"https:\/\/97irratia.info\/bazkidetza\/#breadcrumb","itemListElement":[{"@type":"ListItem","position":1,"name":"Home","item":"https:\/\/97irratia.info\/"},{"@type":"ListItem","position":2,"name":"Egin zaitez 97-ko irratikide"}]},{"@type":"WebSite","@id":"https:\/\/97irratia.info\/#website","url":"https:\/\/97irratia.info\/","name":"97 Irratia","description":"La radio que sue\u00f1a","potentialAction":[{"@type":"SearchAction","target":{"@type":"EntryPoint","urlTemplate":"https:\/\/97irratia.info\/?s={search_term_string}"},"query-input":{"@type":"PropertyValueSpecification","valueRequired":true,"valueName":"search_term_string"}}],"inLanguage":"es"}]}},"_links":{"self":[{"href":"https:\/\/97irratia.info\/wp-json\/wp\/v2\/pages\/45","targetHints":{"allow":["GET"]}}],"collection":[{"href":"https:\/\/97irratia.info\/wp-json\/wp\/v2\/pages"}],"about":[{"href":"https:\/\/97irratia.info\/wp-json\/wp\/v2\/types\/page"}],"author":[{"embeddable":true,"href":"https:\/\/97irratia.info\/wp-json\/wp\/v2\/users\/1"}],"replies":[{"embeddable":true,"href":"https:\/\/97irratia.info\/wp-json\/wp\/v2\/comments?post=45"}],"version-history":[{"count":46,"href":"https:\/\/97irratia.info\/wp-json\/wp\/v2\/pages\/45\/revisions"}],"predecessor-version":[{"id":15263,"href":"https:\/\/97irratia.info\/wp-json\/wp\/v2\/pages\/45\/revisions\/15263"}],"wp:attachment":[{"href":"https:\/\/97irratia.info\/wp-json\/wp\/v2\/media?parent=45"}],"curies":[{"name":"wp","href":"https:\/\/api.w.org\/{rel}","templated":true}]}}