{"id":92,"date":"2014-01-17T11:48:06","date_gmt":"2014-01-17T11:48:06","guid":{"rendered":"http:\/\/97irratia.info\/?page_id=92"},"modified":"2019-11-09T00:59:36","modified_gmt":"2019-11-08T23:59:36","slug":"programazioa","status":"publish","type":"page","link":"https:\/\/97irratia.info\/es\/programazioa\/","title":{"rendered":"Programaci\u00f3n"},"content":{"rendered":"<p><!--h1>Programaci\u00f3n diaria:<\/h1-->\n<p><style>\n       .errordiv { padding:10px; margin:10px; border: 1px solid #555555;color: #000000;background-color: #f8f8f8; width:500px; }#advanced_iframe_2 {visibility:visible;opacity:1;vertical-align:top;}.ai-info-bottom-iframe { position: fixed; z-index: 10000; bottom:0; left: 0; margin: 0px; text-align: center; width: 100%; background-color: #ff9999; padding-left: 5px;padding-bottom: 5px; border-top: 1px solid #aaa } a.ai-bold {font-weight: bold;}#ai-layer-div-advanced_iframe_2 p {height:100%;margin:0;padding:0}<\/style><script type=\"text\/javascript\">var ai_iframe_width_advanced_iframe_2 = 0;var ai_iframe_height_advanced_iframe_2 = 0;var aiOnloadScrollTop=\"true\";var aiShowDebug=false;\n\t\tif (typeof aiReadyCallbacks === 'undefined') {\n\t\t\tvar aiReadyCallbacks = [];\n\t\t} else if (!(aiReadyCallbacks instanceof Array)) {\n\t\t\tvar aiReadyCallbacks = [];\n\t\t}    function aiShowIframeId(id_iframe) { jQuery(\"#\"+id_iframe).css(\"visibility\", \"visible\");    }    function aiResizeIframeHeight(height) { aiResizeIframeHeight(height,advanced_iframe_2); }    function aiResizeIframeHeightId(height,width,id) {aiResizeIframeHeightById(id,height);}<\/script><iframe id=\"advanced_iframe_2\"  name=\"advanced_iframe_2\"  src=\"https:\/\/97irratia.info\/airtime-widgets\/widget_schedule_es-ES.html\"  width=\"100%\"  height=\"600\"  scrolling=\"no\"  frameborder=\"0\"  border=\"0\"  allowtransparency=\"true\"  loading=\"lazy\"  style=\";border-width: 0px;;border: none;;width:100%;;height:600px;\"  onload='aiResizeIframe(this, &quot;false&quot;,&quot;1&quot;)' ><\/iframe><script type=\"text\/javascript\">var ifrm_advanced_iframe_2 = document.getElementById(\"advanced_iframe_2\");var hiddenTabsDoneadvanced_iframe_2 = false;\nfunction resizeCallbackadvanced_iframe_2() {}<\/script><script type=\"text\/javascript\">function local_resize_advanced_iframe_2(timeout) {\n            if (timeout != 0) {\n               setTimeout(function() { aiResizeIframe(ifrm_advanced_iframe_2, \"false\",\"1\")},timeout);\n            } else {\n               aiResizeIframe(ifrm_advanced_iframe_2, \"false\",\"1\");\n            }\n          }function ai_jquery_ajax_resize_advanced_iframe_2() {\n            jQuery(\"#advanced_iframe_2\").bind(\"load\",function(){\n            doc = this.contentWindow.document;doc.addEventListener(\"click\", function(evt) {  if (aiCheckIfValidTarget(evt,\"a\")) { local_resize_advanced_iframe_2(500); }}, true);});\n          }ai_jquery_ajax_resize_advanced_iframe_2();<\/script><p style=\"display:block !important; visibility:visible !important;margin: -18px 14px 0 0;padding-left: 3px;padding-top:3px;background: white; overflow: hidden; position: relative; line-height:15px;width: fit-content;\"><small style=\"display:block !important;visibility:visible !important\">powered by Advanced iFrame<\/small><\/p><br \/>\n<!--h1>Programaci\u00f3n semanal:<\/h1>\n\n\n<a href=\"https:\/\/97irratia.info\/wp-content\/uploads\/2015\/02\/97irratia_parrilla_2015.gif\"><img loading=\"lazy\" decoding=\"async\" src=\"https:\/\/97irratia.info\/wp-content\/uploads\/2015\/02\/97irratia_parrilla_2015.gif\" alt=\"97irratia_parrilla_2015\" width=\"805\" height=\"623\" class=\"alignnone size-full wp-image-2268\" \/><\/a--><\/p>\n<p>Este curso, adem\u00e1s de aumentar el n\u00famero de programas propios, hemos hecho un esfuerzo por reforzar nuestra colaboraci\u00f3n con el magazine matinal Suelta la Olla, coproducido por <a href=\"http:\/\/halabedi.eus\/\">Hala Bedi Irratia<\/a> y 97 Irratia. Y para completar nuestra programaci\u00f3n recurrimos, como viene siendo habitual, a los programas de la red \u00a0<a href=\"http:\/\/www.arrosasarea.eus\/\">Arrosa<\/a>, federaci\u00f3n de radios libres de Euskal Herria. Los magazines Hizpidea (por la ma\u00f1ana, entre Hala Bedi Bi y <a href=\"http:\/\/bilbohiria.eus\/\">Bilbo Hiria Irratia<\/a>) y Zebrabidea (por la tarde, de la Red de Radios Arrosa) son fruto de dicha colaboraci\u00f3n.<\/p>","protected":false},"excerpt":{"rendered":"<p>Este curso, adem\u00e1s de aumentar el n\u00famero de programas propios, hemos hecho un esfuerzo por reforzar nuestra colaboraci\u00f3n con el magazine matinal Suelta la Olla, coproducido por Hala Bedi Irratia y 97 Irratia. Y para completar nuestra programaci\u00f3n recurrimos, como viene siendo habitual, a los programas de la red \u00a0Arrosa, federaci\u00f3n de radios libres de&#8230;<\/p>\n","protected":false},"author":1,"featured_media":0,"parent":0,"menu_order":0,"comment_status":"closed","ping_status":"open","template":"","meta":{"footnotes":""},"class_list":["post-92","page","type-page","status-publish","hentry"],"yoast_head":"<!-- This site is optimized with the Yoast SEO plugin v27.3 - https:\/\/yoast.com\/product\/yoast-seo-wordpress\/ -->\n<title>Programaci\u00f3n - 97 Irratia<\/title>\n<meta name=\"robots\" content=\"index, follow, max-snippet:-1, max-image-preview:large, max-video-preview:-1\" \/>\n<link rel=\"canonical\" href=\"https:\/\/97irratia.info\/programazioa\/\" \/>\n<meta property=\"og:locale\" content=\"es_ES\" \/>\n<meta property=\"og:type\" content=\"article\" \/>\n<meta property=\"og:title\" content=\"Programaci\u00f3n - 97 Irratia\" \/>\n<meta property=\"og:description\" content=\"Este curso, adem\u00e1s de aumentar el n\u00famero de programas propios, hemos hecho un esfuerzo por reforzar nuestra colaboraci\u00f3n con el magazine matinal Suelta la Olla, coproducido por Hala Bedi Irratia y 97 Irratia. Y para completar nuestra programaci\u00f3n recurrimos, como viene siendo habitual, a los programas de la red \u00a0Arrosa, federaci\u00f3n de radios libres de...\" \/>\n<meta property=\"og:url\" content=\"https:\/\/97irratia.info\/programazioa\/\" \/>\n<meta property=\"og:site_name\" content=\"97 Irratia\" \/>\n<meta property=\"article:publisher\" content=\"https:\/\/www.facebook.com\/laurogeitahamazazpi.irratia\" \/>\n<meta property=\"article:modified_time\" content=\"2019-11-08T23:59:36+00:00\" \/>\n<meta property=\"og:image\" content=\"https:\/\/97irratia.info\/wp-content\/uploads\/2015\/02\/97irratia_parrilla_2015.gif\" \/>\n<meta name=\"twitter:card\" content=\"summary_large_image\" \/>\n<meta name=\"twitter:label1\" content=\"Tiempo de lectura\" \/>\n\t<meta name=\"twitter:data1\" content=\"2 minutos\" \/>\n<script type=\"application\/ld+json\" class=\"yoast-schema-graph\">{\"@context\":\"https:\\\/\\\/schema.org\",\"@graph\":[{\"@type\":\"WebPage\",\"@id\":\"https:\\\/\\\/97irratia.info\\\/programazioa\\\/\",\"url\":\"https:\\\/\\\/97irratia.info\\\/programazioa\\\/\",\"name\":\"Programaci\u00f3n - 97 Irratia\",\"isPartOf\":{\"@id\":\"https:\\\/\\\/97irratia.info\\\/#website\"},\"primaryImageOfPage\":{\"@id\":\"https:\\\/\\\/97irratia.info\\\/programazioa\\\/#primaryimage\"},\"image\":{\"@id\":\"https:\\\/\\\/97irratia.info\\\/programazioa\\\/#primaryimage\"},\"thumbnailUrl\":\"https:\\\/\\\/97irratia.info\\\/wp-content\\\/uploads\\\/2015\\\/02\\\/97irratia_parrilla_2015.gif\",\"datePublished\":\"2014-01-17T11:48:06+00:00\",\"dateModified\":\"2019-11-08T23:59:36+00:00\",\"breadcrumb\":{\"@id\":\"https:\\\/\\\/97irratia.info\\\/programazioa\\\/#breadcrumb\"},\"inLanguage\":\"es\",\"potentialAction\":[{\"@type\":\"ReadAction\",\"target\":[\"https:\\\/\\\/97irratia.info\\\/programazioa\\\/\"]}]},{\"@type\":\"ImageObject\",\"inLanguage\":\"es\",\"@id\":\"https:\\\/\\\/97irratia.info\\\/programazioa\\\/#primaryimage\",\"url\":\"https:\\\/\\\/97irratia.info\\\/wp-content\\\/uploads\\\/2015\\\/02\\\/97irratia_parrilla_2015.gif\",\"contentUrl\":\"https:\\\/\\\/97irratia.info\\\/wp-content\\\/uploads\\\/2015\\\/02\\\/97irratia_parrilla_2015.gif\"},{\"@type\":\"BreadcrumbList\",\"@id\":\"https:\\\/\\\/97irratia.info\\\/programazioa\\\/#breadcrumb\",\"itemListElement\":[{\"@type\":\"ListItem\",\"position\":1,\"name\":\"Home\",\"item\":\"https:\\\/\\\/97irratia.info\\\/\"},{\"@type\":\"ListItem\",\"position\":2,\"name\":\"Programazioa\"}]},{\"@type\":\"WebSite\",\"@id\":\"https:\\\/\\\/97irratia.info\\\/#website\",\"url\":\"https:\\\/\\\/97irratia.info\\\/\",\"name\":\"97 Irratia\",\"description\":\"La radio que sue\u00f1a\",\"potentialAction\":[{\"@type\":\"SearchAction\",\"target\":{\"@type\":\"EntryPoint\",\"urlTemplate\":\"https:\\\/\\\/97irratia.info\\\/?s={search_term_string}\"},\"query-input\":{\"@type\":\"PropertyValueSpecification\",\"valueRequired\":true,\"valueName\":\"search_term_string\"}}],\"inLanguage\":\"es\"}]}<\/script>\n<!-- \/ Yoast SEO plugin. -->","yoast_head_json":{"title":"Programaci\u00f3n - 97 Irratia","robots":{"index":"index","follow":"follow","max-snippet":"max-snippet:-1","max-image-preview":"max-image-preview:large","max-video-preview":"max-video-preview:-1"},"canonical":"https:\/\/97irratia.info\/programazioa\/","og_locale":"es_ES","og_type":"article","og_title":"Programaci\u00f3n - 97 Irratia","og_description":"Este curso, adem\u00e1s de aumentar el n\u00famero de programas propios, hemos hecho un esfuerzo por reforzar nuestra colaboraci\u00f3n con el magazine matinal Suelta la Olla, coproducido por Hala Bedi Irratia y 97 Irratia. Y para completar nuestra programaci\u00f3n recurrimos, como viene siendo habitual, a los programas de la red \u00a0Arrosa, federaci\u00f3n de radios libres de...","og_url":"https:\/\/97irratia.info\/programazioa\/","og_site_name":"97 Irratia","article_publisher":"https:\/\/www.facebook.com\/laurogeitahamazazpi.irratia","article_modified_time":"2019-11-08T23:59:36+00:00","og_image":[{"url":"https:\/\/97irratia.info\/wp-content\/uploads\/2015\/02\/97irratia_parrilla_2015.gif","type":"","width":"","height":""}],"twitter_card":"summary_large_image","twitter_misc":{"Tiempo de lectura":"2 minutos"},"schema":{"@context":"https:\/\/schema.org","@graph":[{"@type":"WebPage","@id":"https:\/\/97irratia.info\/programazioa\/","url":"https:\/\/97irratia.info\/programazioa\/","name":"Programaci\u00f3n - 97 Irratia","isPartOf":{"@id":"https:\/\/97irratia.info\/#website"},"primaryImageOfPage":{"@id":"https:\/\/97irratia.info\/programazioa\/#primaryimage"},"image":{"@id":"https:\/\/97irratia.info\/programazioa\/#primaryimage"},"thumbnailUrl":"https:\/\/97irratia.info\/wp-content\/uploads\/2015\/02\/97irratia_parrilla_2015.gif","datePublished":"2014-01-17T11:48:06+00:00","dateModified":"2019-11-08T23:59:36+00:00","breadcrumb":{"@id":"https:\/\/97irratia.info\/programazioa\/#breadcrumb"},"inLanguage":"es","potentialAction":[{"@type":"ReadAction","target":["https:\/\/97irratia.info\/programazioa\/"]}]},{"@type":"ImageObject","inLanguage":"es","@id":"https:\/\/97irratia.info\/programazioa\/#primaryimage","url":"https:\/\/97irratia.info\/wp-content\/uploads\/2015\/02\/97irratia_parrilla_2015.gif","contentUrl":"https:\/\/97irratia.info\/wp-content\/uploads\/2015\/02\/97irratia_parrilla_2015.gif"},{"@type":"BreadcrumbList","@id":"https:\/\/97irratia.info\/programazioa\/#breadcrumb","itemListElement":[{"@type":"ListItem","position":1,"name":"Home","item":"https:\/\/97irratia.info\/"},{"@type":"ListItem","position":2,"name":"Programazioa"}]},{"@type":"WebSite","@id":"https:\/\/97irratia.info\/#website","url":"https:\/\/97irratia.info\/","name":"97 Irratia","description":"La radio que sue\u00f1a","potentialAction":[{"@type":"SearchAction","target":{"@type":"EntryPoint","urlTemplate":"https:\/\/97irratia.info\/?s={search_term_string}"},"query-input":{"@type":"PropertyValueSpecification","valueRequired":true,"valueName":"search_term_string"}}],"inLanguage":"es"}]}},"_links":{"self":[{"href":"https:\/\/97irratia.info\/es\/wp-json\/wp\/v2\/pages\/92","targetHints":{"allow":["GET"]}}],"collection":[{"href":"https:\/\/97irratia.info\/es\/wp-json\/wp\/v2\/pages"}],"about":[{"href":"https:\/\/97irratia.info\/es\/wp-json\/wp\/v2\/types\/page"}],"author":[{"embeddable":true,"href":"https:\/\/97irratia.info\/es\/wp-json\/wp\/v2\/users\/1"}],"replies":[{"embeddable":true,"href":"https:\/\/97irratia.info\/es\/wp-json\/wp\/v2\/comments?post=92"}],"version-history":[{"count":101,"href":"https:\/\/97irratia.info\/es\/wp-json\/wp\/v2\/pages\/92\/revisions"}],"predecessor-version":[{"id":15233,"href":"https:\/\/97irratia.info\/es\/wp-json\/wp\/v2\/pages\/92\/revisions\/15233"}],"wp:attachment":[{"href":"https:\/\/97irratia.info\/es\/wp-json\/wp\/v2\/media?parent=92"}],"curies":[{"name":"wp","href":"https:\/\/api.w.org\/{rel}","templated":true}]}}